{"id":559,"date":"2021-11-23T05:28:15","date_gmt":"2021-11-22T23:28:15","guid":{"rendered":"https:\/\/cstlogistica.com.mx\/?page_id=559"},"modified":"2021-11-23T23:35:03","modified_gmt":"2021-11-23T17:35:03","slug":"aviso-de-privacidad","status":"publish","type":"page","link":"https:\/\/cstlogistica.com.mx\/index.php\/aviso-de-privacidad\/","title":{"rendered":"Aviso de privacidad"},"content":{"rendered":"\t\t<div data-elementor-type=\"wp-page\" data-elementor-id=\"559\" class=\"elementor elementor-559\">\n\t\t\t\t\t\t<nav class=\"elementor-section elementor-top-section elementor-element elementor-element-829bc43 elementor-hidden-tablet elementor-hidden-phone elementor-section-boxed elementor-section-height-default elementor-section-height-default\" data-id=\"829bc43\" data-element_type=\"section\" data-settings=\"{&quot;background_background&quot;:&quot;gradient&quot;}\">\n\t\t\t\t\t\t<div class=\"elementor-container elementor-column-gap-narrow\">\n\t\t\t\t\t<div class=\"elementor-column elementor-col-16 elementor-top-column elementor-element elementor-element-ca242cd\" data-id=\"ca242cd\" data-element_type=\"column\">\n\t\t\t<div class=\"elementor-widget-wrap elementor-element-populated\">\n\t\t\t\t\t\t<div class=\"elementor-element elementor-element-dce91f2 elementor-widget elementor-widget-spacer\" data-id=\"dce91f2\" data-element_type=\"widget\" data-widget_type=\"spacer.default\">\n\t\t\t\t<div class=\"elementor-widget-container\">\n\t\t\t\t\t\t\t<div class=\"elementor-spacer\">\n\t\t\t<div class=\"elementor-spacer-inner\"><\/div>\n\t\t<\/div>\n\t\t\t\t\t\t<\/div>\n\t\t\t\t<\/div>\n\t\t\t\t\t<\/div>\n\t\t<\/div>\n\t\t\t\t<div class=\"elementor-column elementor-col-16 elementor-top-column elementor-element elementor-element-495044b\" data-id=\"495044b\" data-element_type=\"column\">\n\t\t\t<div class=\"elementor-widget-wrap\">\n\t\t\t\t\t\t\t<\/div>\n\t\t<\/div>\n\t\t\t\t<div class=\"elementor-column elementor-col-16 elementor-top-column elementor-element elementor-element-83ec202\" data-id=\"83ec202\" data-element_type=\"column\">\n\t\t\t<div class=\"elementor-widget-wrap\">\n\t\t\t\t\t\t\t<\/div>\n\t\t<\/div>\n\t\t\t\t<div class=\"elementor-column elementor-col-16 elementor-top-column elementor-element elementor-element-267b33d\" data-id=\"267b33d\" data-element_type=\"column\">\n\t\t\t<div class=\"elementor-widget-wrap\">\n\t\t\t\t\t\t\t<\/div>\n\t\t<\/div>\n\t\t\t\t<div class=\"elementor-column elementor-col-16 elementor-top-column elementor-element elementor-element-404ae9c\" data-id=\"404ae9c\" data-element_type=\"column\">\n\t\t\t<div class=\"elementor-widget-wrap elementor-element-populated\">\n\t\t\t\t\t\t<div class=\"elementor-element elementor-element-49a1a85 elementor-widget elementor-widget-image\" data-id=\"49a1a85\" data-element_type=\"widget\" data-widget_type=\"image.default\">\n\t\t\t\t<div class=\"elementor-widget-container\">\n\t\t\t\t\t\t\t\t\t\t\t\t\t\t\t\t<a href=\"https:\/\/cstlogistica.com.mx\/\">\n\t\t\t\t\t\t\t<img fetchpriority=\"high\" decoding=\"async\" width=\"318\" height=\"159\" src=\"https:\/\/cstlogistica.com.mx\/wp-content\/uploads\/2020\/07\/descarga.jpeg\" class=\"attachment-large size-large wp-image-396\" alt=\"\" srcset=\"https:\/\/cstlogistica.com.mx\/wp-content\/uploads\/2020\/07\/descarga.jpeg 318w, https:\/\/cstlogistica.com.mx\/wp-content\/uploads\/2020\/07\/descarga-300x150.jpeg 300w, https:\/\/cstlogistica.com.mx\/wp-content\/uploads\/2020\/07\/descarga-230x115.jpeg 230w\" sizes=\"(max-width: 318px) 100vw, 318px\" \/>\t\t\t\t\t\t\t\t<\/a>\n\t\t\t\t\t\t\t\t\t\t\t\t\t\t\t<\/div>\n\t\t\t\t<\/div>\n\t\t\t\t\t<\/div>\n\t\t<\/div>\n\t\t\t\t<div class=\"elementor-column elementor-col-16 elementor-top-column elementor-element elementor-element-8338851\" data-id=\"8338851\" data-element_type=\"column\">\n\t\t\t<div class=\"elementor-widget-wrap elementor-element-populated\">\n\t\t\t\t\t\t<section class=\"elementor-section elementor-inner-section elementor-element elementor-element-c491101 elementor-section-full_width elementor-section-height-min-height elementor-section-content-middle elementor-section-height-default\" data-id=\"c491101\" data-element_type=\"section\">\n\t\t\t\t\t\t<div class=\"elementor-container elementor-column-gap-default\">\n\t\t\t\t\t<div class=\"elementor-column elementor-col-100 elementor-inner-column elementor-element elementor-element-974977a\" data-id=\"974977a\" data-element_type=\"column\">\n\t\t\t<div class=\"elementor-widget-wrap elementor-element-populated\">\n\t\t\t\t\t\t<div class=\"elementor-element elementor-element-2ce6e4f elementor-widget elementor-widget-image\" data-id=\"2ce6e4f\" data-element_type=\"widget\" data-widget_type=\"image.default\">\n\t\t\t\t<div class=\"elementor-widget-container\">\n\t\t\t\t\t\t\t\t\t\t\t\t\t\t\t\t<a href=\"https:\/\/cstlogistica.com.mx\/index.php\/en\/privacy-notice\/\">\n\t\t\t\t\t\t\t<img decoding=\"async\" width=\"290\" height=\"174\" src=\"https:\/\/cstlogistica.com.mx\/wp-content\/uploads\/2020\/07\/descarga.png\" class=\"attachment-large size-large wp-image-397\" alt=\"\" srcset=\"https:\/\/cstlogistica.com.mx\/wp-content\/uploads\/2020\/07\/descarga.png 290w, https:\/\/cstlogistica.com.mx\/wp-content\/uploads\/2020\/07\/descarga-230x138.png 230w\" sizes=\"(max-width: 290px) 100vw, 290px\" \/>\t\t\t\t\t\t\t\t<\/a>\n\t\t\t\t\t\t\t\t\t\t\t\t\t\t\t<\/div>\n\t\t\t\t<\/div>\n\t\t\t\t\t<\/div>\n\t\t<\/div>\n\t\t\t\t\t<\/div>\n\t\t<\/section>\n\t\t\t\t\t<\/div>\n\t\t<\/div>\n\t\t\t\t\t<\/div>\n\t\t<\/nav>\n\t\t\t\t<section class=\"elementor-section elementor-top-section elementor-element elementor-element-e6f60c3 elementor-section-boxed elementor-section-height-default elementor-section-height-default\" data-id=\"e6f60c3\" data-element_type=\"section\">\n\t\t\t\t\t\t<div class=\"elementor-container elementor-column-gap-default\">\n\t\t\t\t\t<div class=\"elementor-column elementor-col-100 elementor-top-column elementor-element elementor-element-86fc43c\" data-id=\"86fc43c\" data-element_type=\"column\">\n\t\t\t<div class=\"elementor-widget-wrap elementor-element-populated\">\n\t\t\t\t\t\t<div class=\"elementor-element elementor-element-66e38b2 elementor-widget elementor-widget-heading\" data-id=\"66e38b2\" data-element_type=\"widget\" data-widget_type=\"heading.default\">\n\t\t\t\t<div class=\"elementor-widget-container\">\n\t\t\t\t\t<h2 class=\"elementor-heading-title elementor-size-default\">Aviso de privacidad<\/h2>\t\t\t\t<\/div>\n\t\t\t\t<\/div>\n\t\t\t\t<div class=\"elementor-element elementor-element-0cb4a84 elementor-widget elementor-widget-text-editor\" data-id=\"0cb4a84\" data-element_type=\"widget\" data-widget_type=\"text-editor.default\">\n\t\t\t\t<div class=\"elementor-widget-container\">\n\t\t\t\t\t\t\t\t\t<p>CST LOGISTICA, mejor conocido como LORENZO CAMILO ALBA PARADA, con domicilio en calle AV SANTA CROCCE No. 418, colonia Col. SANTA CROCCE, ciudad Le\u00f3n, municipio o delegaci\u00f3n Le\u00f3n, c.p. 37439, en la entidad de Guanajuato, pa\u00eds M\u00e9xico, y portal de internet https:\/\/cstlogistica.com.mx\/, es el responsable del uso y protecci\u00f3n de sus datos personales, y al respecto le informamos lo siguiente:<\/p><p>De manera adicional, utilizaremos su informaci\u00f3n personal para las siguientes finalidades secundarias que <strong>no son necesarias<\/strong> para el servicio solicitado, pero que nos permiten y facilitan brindarle una mejor atenci\u00f3n:<\/p><ul><li>Dar seguimiento de cotizaci\u00f3n a clientes potenciales<\/li><li>Prospecci\u00f3n comercial<\/li><\/ul><p>En caso de que no desee que sus datos personales se utilicen para estos fines secundarios, ind\u00edquelo a continuaci\u00f3n:<br \/><br \/>No consiento que mis datos personales se utilicen para los siguientes fines:<br \/><br \/>[\u00a0\u00a0]\u00a0Dar seguimiento de cotizaci\u00f3n a clientes potenciales<br \/>[\u00a0\u00a0]\u00a0Prospecci\u00f3n comercial<br \/><br \/>La negativa para el uso de sus datos personales para estas finalidades no podr\u00e1 ser un motivo para que le neguemos los servicios y productos que solicita o contrata con nosotros.<\/p><p>Para conocer mayor informaci\u00f3n sobre los t\u00e9rminos y condiciones en que ser\u00e1n tratados sus datos personales, como los terceros con quienes compartimos su informaci\u00f3n personal y la forma en que podr\u00e1 ejercer sus derechos ARCO, puede consultar el aviso de privacidad integral en:<br \/><br \/>Se da a conocer por medio de la p\u00e1gina web:https:\/\/cstlogistica.com.mx\/index.php\/aviso-de-privacidad\/<\/p>\t\t\t\t\t\t\t\t<\/div>\n\t\t\t\t<\/div>\n\t\t\t\t\t<\/div>\n\t\t<\/div>\n\t\t\t\t\t<\/div>\n\t\t<\/section>\n\t\t\t\t<footer class=\"elementor-section elementor-top-section elementor-element elementor-element-00b3aa5 elementor-section-content-middle elementor-section-full_width elementor-section-height-default elementor-section-height-default\" data-id=\"00b3aa5\" data-element_type=\"section\" data-settings=\"{&quot;background_background&quot;:&quot;gradient&quot;}\">\n\t\t\t\t\t\t<div class=\"elementor-container elementor-column-gap-narrow\">\n\t\t\t\t\t<div class=\"elementor-column elementor-col-25 elementor-top-column elementor-element elementor-element-75b23cc\" data-id=\"75b23cc\" data-element_type=\"column\">\n\t\t\t<div class=\"elementor-widget-wrap elementor-element-populated\">\n\t\t\t\t\t\t<div class=\"elementor-element elementor-element-ab0a93b elementor-position-top elementor-widget elementor-widget-image-box\" data-id=\"ab0a93b\" data-element_type=\"widget\" data-widget_type=\"image-box.default\">\n\t\t\t\t<div class=\"elementor-widget-container\">\n\t\t\t\t\t<div class=\"elementor-image-box-wrapper\"><figure class=\"elementor-image-box-img\"><img decoding=\"async\" width=\"768\" height=\"260\" src=\"https:\/\/cstlogistica.com.mx\/wp-content\/uploads\/2018\/09\/PAGINA-CST-3-06-768x260.png\" class=\"attachment-medium_large size-medium_large wp-image-246\" alt=\"\" srcset=\"https:\/\/cstlogistica.com.mx\/wp-content\/uploads\/2018\/09\/PAGINA-CST-3-06-768x260.png 768w, https:\/\/cstlogistica.com.mx\/wp-content\/uploads\/2018\/09\/PAGINA-CST-3-06-300x101.png 300w, https:\/\/cstlogistica.com.mx\/wp-content\/uploads\/2018\/09\/PAGINA-CST-3-06-230x78.png 230w, https:\/\/cstlogistica.com.mx\/wp-content\/uploads\/2018\/09\/PAGINA-CST-3-06-350x118.png 350w, https:\/\/cstlogistica.com.mx\/wp-content\/uploads\/2018\/09\/PAGINA-CST-3-06-480x162.png 480w, https:\/\/cstlogistica.com.mx\/wp-content\/uploads\/2018\/09\/PAGINA-CST-3-06.png 790w\" sizes=\"(max-width: 768px) 100vw, 768px\" \/><\/figure><div class=\"elementor-image-box-content\"><h3 class=\"elementor-image-box-title\">CONT\u00c1CTANOS,<BR> S\u00cdGUENOS!<\/h3><\/div><\/div>\t\t\t\t<\/div>\n\t\t\t\t<\/div>\n\t\t\t\t\t<\/div>\n\t\t<\/div>\n\t\t\t\t<div class=\"elementor-column elementor-col-25 elementor-top-column elementor-element elementor-element-4944012\" data-id=\"4944012\" data-element_type=\"column\">\n\t\t\t<div class=\"elementor-widget-wrap elementor-element-populated\">\n\t\t\t\t\t\t<div class=\"elementor-element elementor-element-b0ecf4a elementor-position-top elementor-widget elementor-widget-image-box\" data-id=\"b0ecf4a\" data-element_type=\"widget\" data-widget_type=\"image-box.default\">\n\t\t\t\t<div class=\"elementor-widget-container\">\n\t\t\t\t\t<div class=\"elementor-image-box-wrapper\"><figure class=\"elementor-image-box-img\"><img loading=\"lazy\" decoding=\"async\" width=\"151\" height=\"151\" src=\"https:\/\/cstlogistica.com.mx\/wp-content\/uploads\/2018\/09\/PAGINA-CST-3-03.png\" class=\"attachment-full size-full wp-image-247\" alt=\"\" srcset=\"https:\/\/cstlogistica.com.mx\/wp-content\/uploads\/2018\/09\/PAGINA-CST-3-03.png 151w, https:\/\/cstlogistica.com.mx\/wp-content\/uploads\/2018\/09\/PAGINA-CST-3-03-150x150.png 150w\" sizes=\"(max-width: 151px) 100vw, 151px\" \/><\/figure><\/div>\t\t\t\t<\/div>\n\t\t\t\t<\/div>\n\t\t\t\t<div class=\"elementor-element elementor-element-46f25d7 elementor-widget elementor-widget-image\" data-id=\"46f25d7\" data-element_type=\"widget\" data-widget_type=\"image.default\">\n\t\t\t\t<div class=\"elementor-widget-container\">\n\t\t\t\t\t\t\t\t\t\t\t\t\t\t\t<img loading=\"lazy\" decoding=\"async\" width=\"768\" height=\"125\" src=\"https:\/\/cstlogistica.com.mx\/wp-content\/uploads\/2019\/07\/tel-CST-nuevo-768x125.png\" class=\"attachment-medium_large size-medium_large wp-image-381\" alt=\"\" srcset=\"https:\/\/cstlogistica.com.mx\/wp-content\/uploads\/2019\/07\/tel-CST-nuevo-768x125.png 768w, https:\/\/cstlogistica.com.mx\/wp-content\/uploads\/2019\/07\/tel-CST-nuevo-300x49.png 300w, https:\/\/cstlogistica.com.mx\/wp-content\/uploads\/2019\/07\/tel-CST-nuevo-1024x167.png 1024w, https:\/\/cstlogistica.com.mx\/wp-content\/uploads\/2019\/07\/tel-CST-nuevo-830x135.png 830w, https:\/\/cstlogistica.com.mx\/wp-content\/uploads\/2019\/07\/tel-CST-nuevo-230x37.png 230w, https:\/\/cstlogistica.com.mx\/wp-content\/uploads\/2019\/07\/tel-CST-nuevo-350x57.png 350w, https:\/\/cstlogistica.com.mx\/wp-content\/uploads\/2019\/07\/tel-CST-nuevo-480x78.png 480w, https:\/\/cstlogistica.com.mx\/wp-content\/uploads\/2019\/07\/tel-CST-nuevo.png 1180w\" sizes=\"(max-width: 768px) 100vw, 768px\" \/>\t\t\t\t\t\t\t\t\t\t\t\t\t\t\t<\/div>\n\t\t\t\t<\/div>\n\t\t\t\t\t<\/div>\n\t\t<\/div>\n\t\t\t\t<div class=\"elementor-column elementor-col-25 elementor-top-column elementor-element elementor-element-6017ab2\" data-id=\"6017ab2\" data-element_type=\"column\">\n\t\t\t<div class=\"elementor-widget-wrap elementor-element-populated\">\n\t\t\t\t\t\t<div class=\"elementor-element elementor-element-f0a9f3a elementor-position-top elementor-widget elementor-widget-image-box\" data-id=\"f0a9f3a\" data-element_type=\"widget\" data-widget_type=\"image-box.default\">\n\t\t\t\t<div class=\"elementor-widget-container\">\n\t\t\t\t\t<div class=\"elementor-image-box-wrapper\"><figure class=\"elementor-image-box-img\"><img loading=\"lazy\" decoding=\"async\" width=\"151\" height=\"151\" src=\"https:\/\/cstlogistica.com.mx\/wp-content\/uploads\/2018\/09\/PAGINA-CST-3-04.png\" class=\"attachment-full size-full wp-image-248\" alt=\"\" srcset=\"https:\/\/cstlogistica.com.mx\/wp-content\/uploads\/2018\/09\/PAGINA-CST-3-04.png 151w, https:\/\/cstlogistica.com.mx\/wp-content\/uploads\/2018\/09\/PAGINA-CST-3-04-150x150.png 150w\" sizes=\"(max-width: 151px) 100vw, 151px\" \/><\/figure><div class=\"elementor-image-box-content\"><h3 class=\"elementor-image-box-title\"><a id=\"contact\"> Ventas@cstlogistica.com.mx <\/a><\/h3><\/div><\/div>\t\t\t\t<\/div>\n\t\t\t\t<\/div>\n\t\t\t\t\t<\/div>\n\t\t<\/div>\n\t\t\t\t<div class=\"elementor-column elementor-col-25 elementor-top-column elementor-element elementor-element-1046f90\" data-id=\"1046f90\" data-element_type=\"column\">\n\t\t\t<div class=\"elementor-widget-wrap elementor-element-populated\">\n\t\t\t\t\t\t<div class=\"elementor-element elementor-element-7c7fad3 elementor-widget elementor-widget-image-box\" data-id=\"7c7fad3\" data-element_type=\"widget\" data-widget_type=\"image-box.default\">\n\t\t\t\t<div class=\"elementor-widget-container\">\n\t\t\t\t\t<div class=\"elementor-image-box-wrapper\"><div class=\"elementor-image-box-content\"><p class=\"elementor-image-box-title\">Visit\u00e1nos:<\/p><p class=\"elementor-image-box-description\">Av. Santa Crocce #418 <br>\nCol. Santa Crocce <br>\nC.p. 37439 <br>\nLe\u00f3n, Guanajuato <br><\/p><\/div><\/div>\t\t\t\t<\/div>\n\t\t\t\t<\/div>\n\t\t\t\t\t<\/div>\n\t\t<\/div>\n\t\t\t\t\t<\/div>\n\t\t<\/footer>\n\t\t\t\t<footer class=\"elementor-section elementor-top-section elementor-element elementor-element-a44c0a2 elementor-section-content-middle elementor-section-full_width elementor-section-height-default elementor-section-height-default\" data-id=\"a44c0a2\" data-element_type=\"section\" data-settings=\"{&quot;background_background&quot;:&quot;gradient&quot;}\">\n\t\t\t\t\t\t<div class=\"elementor-container elementor-column-gap-narrow\">\n\t\t\t\t\t<div class=\"elementor-column elementor-col-50 elementor-top-column elementor-element elementor-element-b36e3fb\" data-id=\"b36e3fb\" data-element_type=\"column\">\n\t\t\t<div class=\"elementor-widget-wrap elementor-element-populated\">\n\t\t\t\t\t\t<div class=\"elementor-element elementor-element-c40b8fa elementor-widget elementor-widget-heading\" data-id=\"c40b8fa\" data-element_type=\"widget\" data-widget_type=\"heading.default\">\n\t\t\t\t<div class=\"elementor-widget-container\">\n\t\t\t\t\t<h2 class=\"elementor-heading-title elementor-size-default\"><a href=\"https:\/\/cstlogistica.com.mx\/index.php\/aviso-de-privacidad\/\">Aviso de privacidad<\/a><\/h2>\t\t\t\t<\/div>\n\t\t\t\t<\/div>\n\t\t\t\t\t<\/div>\n\t\t<\/div>\n\t\t\t\t<div class=\"elementor-column elementor-col-50 elementor-top-column elementor-element elementor-element-949509c\" data-id=\"949509c\" data-element_type=\"column\">\n\t\t\t<div class=\"elementor-widget-wrap elementor-element-populated\">\n\t\t\t\t\t\t<div class=\"elementor-element elementor-element-5addbe1 elementor-widget elementor-widget-heading\" data-id=\"5addbe1\" data-element_type=\"widget\" data-widget_type=\"heading.default\">\n\t\t\t\t<div class=\"elementor-widget-container\">\n\t\t\t\t\t<h2 class=\"elementor-heading-title elementor-size-default\">Sitio web dise\u00f1ado por Konex\n<\/h2>\t\t\t\t<\/div>\n\t\t\t\t<\/div>\n\t\t\t\t\t<\/div>\n\t\t<\/div>\n\t\t\t\t\t<\/div>\n\t\t<\/footer>\n\t\t\t\t<\/div>\n\t\t","protected":false},"excerpt":{"rendered":"<p>Aviso de privacidad CST LOGISTICA, mejor conocido como LORENZO CAMILO ALBA PARADA, con domicilio en calle AV SANTA CROCCE No. 418, colonia Col. SANTA CROCCE, ciudad Le\u00f3n, municipio o delegaci\u00f3n Le\u00f3n, c.p. 37439, en la entidad de Guanajuato, pa\u00eds M\u00e9xico, y portal de internet https:\/\/cstlogistica.com.mx\/, es el responsable del uso y protecci\u00f3n de sus datos personales, y al respecto le informamos lo siguiente: De manera adicional, utilizaremos su informaci\u00f3n personal para las siguientes finalidades secundarias que no son necesarias para el servicio solicitado, pero que nos permiten y facilitan brindarle una mejor atenci\u00f3n: Dar seguimiento de cotizaci\u00f3n a clientes potenciales [&hellip;]<\/p>\n","protected":false},"author":3,"featured_media":0,"parent":0,"menu_order":0,"comment_status":"closed","ping_status":"closed","template":"elementor_canvas","meta":{"footnotes":""},"class_list":["post-559","page","type-page","status-publish","hentry"],"amp_enabled":true,"_links":{"self":[{"href":"https:\/\/cstlogistica.com.mx\/index.php\/wp-json\/wp\/v2\/pages\/559","targetHints":{"allow":["GET"]}}],"collection":[{"href":"https:\/\/cstlogistica.com.mx\/index.php\/wp-json\/wp\/v2\/pages"}],"about":[{"href":"https:\/\/cstlogistica.com.mx\/index.php\/wp-json\/wp\/v2\/types\/page"}],"author":[{"embeddable":true,"href":"https:\/\/cstlogistica.com.mx\/index.php\/wp-json\/wp\/v2\/users\/3"}],"replies":[{"embeddable":true,"href":"https:\/\/cstlogistica.com.mx\/index.php\/wp-json\/wp\/v2\/comments?post=559"}],"version-history":[{"count":10,"href":"https:\/\/cstlogistica.com.mx\/index.php\/wp-json\/wp\/v2\/pages\/559\/revisions"}],"predecessor-version":[{"id":595,"href":"https:\/\/cstlogistica.com.mx\/index.php\/wp-json\/wp\/v2\/pages\/559\/revisions\/595"}],"wp:attachment":[{"href":"https:\/\/cstlogistica.com.mx\/index.php\/wp-json\/wp\/v2\/media?parent=559"}],"curies":[{"name":"wp","href":"https:\/\/api.w.org\/{rel}","templated":true}]}}